{"id":1053,"date":"2015-04-27T21:07:15","date_gmt":"2015-04-27T19:07:15","guid":{"rendered":"http:\/\/www.vgi.it\/web\/?page_id=1053"},"modified":"2021-04-24T09:42:08","modified_gmt":"2021-04-24T07:42:08","slug":"chi-sono","status":"publish","type":"page","link":"https:\/\/www.vgi.it\/web\/?page_id=1053","title":{"rendered":"Chi sono"},"content":{"rendered":"<p>\u201cCiao, sono <strong>Gualtiero <\/strong>e ho xy &nbsp;anni, anzi sono nato nel 1961.<\/p>\n<p>Sono <strong>Bresciano <\/strong>esattamente della <strong>Franciacorta<\/strong>, ebbene si, &nbsp;dove il vino buono \u00e8 di casa, a noi piace chiamarlo \u201c<strong>bollicine<\/strong>\u201d e dove il lago d\u2019Iseo ti culla e la pianura ti avvolge.<\/p>\n<p>Sono un ex programmatore, di quelli veri che hanno iniziato con <a href=\"https:\/\/www.vgi.it\/web\/?page_id=7083\">RPGII IBM<\/a>&nbsp; e il MS-DOS, GWBASIC, BASIC NIXDORF o COBOL , nel lontano 1983 e con frequenze serali ai primi corsi regionali x analisti o <a href=\"https:\/\/www.vgi.it\/web\/?page_id=7083\">ECDL<\/a><\/p>\n<figure id=\"attachment_6798\" aria-describedby=\"caption-attachment-6798\" style=\"width: 199px\" class=\"wp-caption alignleft\"><a href=\"https:\/\/it.wikipedia.org\/wiki\/Olivetti_M24\"><img loading=\"lazy\" decoding=\"async\" class=\"wp-image-6798\" src=\"http:\/\/www.vgi.it\/web\/wp-content\/uploads\/2019\/11\/pc-m24-floppy-1984-169x300.jpg\" alt=\"\" width=\"199\" height=\"353\" srcset=\"https:\/\/www.vgi.it\/web\/wp-content\/uploads\/2019\/11\/pc-m24-floppy-1984-169x300.jpg 169w, https:\/\/www.vgi.it\/web\/wp-content\/uploads\/2019\/11\/pc-m24-floppy-1984-84x150.jpg 84w, https:\/\/www.vgi.it\/web\/wp-content\/uploads\/2019\/11\/pc-m24-floppy-1984-575x1024.jpg 575w, https:\/\/www.vgi.it\/web\/wp-content\/uploads\/2019\/11\/pc-m24-floppy-1984.jpg 1456w\" sizes=\"auto, (max-width: 199px) 100vw, 199px\" \/><\/a><figcaption id=\"caption-attachment-6798\" class=\"wp-caption-text\"><a href=\"https:\/\/www.vecchicomputer.com\/2017\/07\/olivetti-m24-1984\/#comments\">Pc M24 Olivetti<\/a><\/figcaption><\/figure>\n<p>2.0, quelli che per creare una cartella usavano ancora il MKDIR e che per recuperare &nbsp;i files cancellati ( non esisteva il cestino) impiegavano 10 minuti con PCTOOLS. Il mio<span style=\"color: #3366ff;\"><strong><a style=\"color: #3366ff;\" href=\"https:\/\/www.vecchicomputer.com\/2017\/07\/olivetti-m24-1984\/#comments\"> supercomputer<\/a> <\/strong><\/span>e qui di fianco ben 720 K divisi su due floppy da 360k, lo tengo come una reliquia.<\/p>\n<p>Ragioniere, ma la mia strada non era quella o come si dice oggi, tecnico commerciale ad indirizzo mercantile.<\/p>\n<p>Sempre con un\u2019idea nuova in testa o sulla lingua. Un po\u2019 di esami di economia e commercio dal 2009, ma finir\u00f2 anche questa avventura.<\/p>\n<p>I viaggi sognati, la fotografia e \u2026.. finalmente lo scooter e poi la moto. I miei viaggi condivisi con Annamaria, che mi sopporta dal 1984, ma questa \u00e8 un\u2019altra storia!<\/p>\n<p>Una strada accompagnata da amici, costellata di piccoli, grandi viaggi, pi\u00f9 o meno corti, pi\u00f9 o meno interessanti, ma sempre avventure.<\/p>\n<p>Il computer.<\/p>\n<p>Come accade quando conosci &nbsp;e vivi un sogno, l\u2019elaboratore elettronico, cos\u00ec si chiamava, mi ha rapito nel 1981, prima come lavoro adesso come compagno di viaggi e comunicazioni virtuali. E cos\u00ec il vecchio sito aziendale <a href=\"http:\/\/www.vgi.it\">www.vgi.it<\/a> \u00e8 divenuto un nuovo modo di dire IO L\u2019HO FATTO, IO C\u2019ERO!<\/p>\n<p>Decido, allora, di iniziare a pubblicare le mie piccole avventure, solitarie o con amici, nasce cos\u00ec un nuovo viaggio, nascono nuove strade.<\/p>\n<p>Perch\u00e9 le due ruote ti portano in un viaggio continuo, ricco di posti da vedere e conoscere, di persone da incontrare, di deviazioni, fermate e ripartite, di salite e discese, ma soprattutto di luoghi e culture e \u2026. di B&amp;B economici dove fermarsi e svagarsi per riposarsi dai chilometri macinati con velocit\u00e0 lente. Si, si hai letto bene non \u00e8 un errore VELOCIT\u00e0 LENTE, LE DUE RUOTE NON PERDONANO!<\/p>\n<p>Il mio blog \u00e8 un viaggio anche per te, viaggiare nella mia terra e forse nella tua; con amici veri o sconosciuti incontrati su altri blog. &nbsp;Per te, magari lontano da questo mondo, ma che hai voglia di scoprirlo, piano piano, km dopo km, paesaggio dopo paesaggio sii il benvenuto.<\/p>\n<p>A te non resta altro che metterti comodo e goderti il viaggio.<\/p>\n<p>A guidarti ci penso io e se non basta, come avviene nelle deviazioni, potrai volare su altri blog.<\/p>\n<p>\u2026e un\u2019ultima cosa: lasciamo sugli autobus la regola del \u201cNon parlare al conducente\u201d.<\/p>\n<p>Sulla STRADA si parla, ci si confronta e si scambiano sorrisi, quindi raccontati e scatta una foto di questo tuo viaggio attraverso le tue parole!<\/p>\n<h5>Un grande \u201cbuona strada\u201d<\/h5>\n<p>Gualtiero<\/p>\n","protected":false},"excerpt":{"rendered":"<p>\u201cCiao, sono Gualtiero e ho xy &nbsp;anni, anzi sono nato nel 1961. Sono Bresciano esattamente della Franciacorta, ebbene si, &nbsp;dove [&hellip;]<\/p>\n","protected":false},"author":1,"featured_media":16,"parent":0,"menu_order":0,"comment_status":"closed","ping_status":"closed","template":"","meta":{"footnotes":""},"class_list":["post-1053","page","type-page","status-publish","has-post-thumbnail","hentry"],"_links":{"self":[{"href":"https:\/\/www.vgi.it\/web\/index.php?rest_route=\/wp\/v2\/pages\/1053","targetHints":{"allow":["GET"]}}],"collection":[{"href":"https:\/\/www.vgi.it\/web\/index.php?rest_route=\/wp\/v2\/pages"}],"about":[{"href":"https:\/\/www.vgi.it\/web\/index.php?rest_route=\/wp\/v2\/types\/page"}],"author":[{"embeddable":true,"href":"https:\/\/www.vgi.it\/web\/index.php?rest_route=\/wp\/v2\/users\/1"}],"replies":[{"embeddable":true,"href":"https:\/\/www.vgi.it\/web\/index.php?rest_route=%2Fwp%2Fv2%2Fcomments&post=1053"}],"version-history":[{"count":14,"href":"https:\/\/www.vgi.it\/web\/index.php?rest_route=\/wp\/v2\/pages\/1053\/revisions"}],"predecessor-version":[{"id":7089,"href":"https:\/\/www.vgi.it\/web\/index.php?rest_route=\/wp\/v2\/pages\/1053\/revisions\/7089"}],"wp:featuredmedia":[{"embeddable":true,"href":"https:\/\/www.vgi.it\/web\/index.php?rest_route=\/wp\/v2\/media\/16"}],"wp:attachment":[{"href":"https:\/\/www.vgi.it\/web\/index.php?rest_route=%2Fwp%2Fv2%2Fmedia&parent=1053"}],"curies":[{"name":"wp","href":"https:\/\/api.w.org\/{rel}","templated":true}]}}